{"id":4770,"date":"2023-05-11T19:29:03","date_gmt":"2023-05-11T17:29:03","guid":{"rendered":"https:\/\/mountaingoat-shop.com\/?post_type=product&#038;p=4770"},"modified":"2024-08-23T17:02:37","modified_gmt":"2024-08-23T15:02:37","slug":"goater-infuser-bottle-volcano-grey","status":"publish","type":"product","link":"https:\/\/mountaingoat-shop.com\/sl\/produkt\/goater-infuser-bottle-volcano-grey\/","title":{"rendered":"Goater<sup style=\"font-size: 70%;\">Infuser<\/sup> Bottle &#8211; Volcano Grey"},"content":{"rendered":"","protected":false},"excerpt":{"rendered":"<p class=\"translation-block\"><p><strong>Idealen sopotnik za tvojo naslednjo  pustolov<\/strong><strong>\u0161\u010dino!<\/strong><br>\n  <strong>Goater Infuser fla\u0161ka<\/strong>, prostornine 1l, z velikim multifunkcijskim cedilom, je kot nala\u0161\u010d,  da ostane\u0161 hidriran na vsakem koraku. <a name=\"_Hlk132274559\"><strong>GoatShield<\/strong><\/a>dvojna stena z vakuumsko izolacijo in dodatno prevleko iz bakra bo  za\u0161\u010ditila tvoje roke pred vro\u010do ali mrzlo vsebino,  hkrati bosta tvoj \u010daj ali kava ostala primerno topla tudi do 12 ur in mrzla  pija\u010da hladna tudi do 24 ur.<\/p>\n<p>U\u017eivaj tvoj najljub\u0161i \u010daj, kavo ali sadno  vodo na svojem naslednjem izletu v gore, kampiranju ali v slu\u017ebi. Fino  mre\u017easto, ekstra dolgo cedilo iz nerjave\u010dega jekla, ki prepre\u010duje prenos  okusov, je primerno za vse vrste \u010dajev, toplo ali Cold Brew kavo ali vodo s  sadjem. <\/p><\/p>\n<div class=\"elementor-element elementor-element-718aafd elementor-view-default elementor-widget elementor-widget-wgl-toggle-accordion\" data-id=\"718aafd\" data-element_type=\"widget\" data-widget_type=\"wgl-toggle-accordion.default\">\n<div class=\"elementor-widget-container\">\n<div id=\"wgl-accordion-718aafd\" class=\"wgl-accordion icon-plus\" data-type=\"toggle\">\n<div class=\"wgl-accordion_panel\">\n<h4 id=\"wgl-accordion_header-1191\" class=\"wgl-accordion_header\" data-default=\"\"><span class=\"wgl-accordion_title\"> Prednosti<\/span><i class=\"wgl-accordion_icon elementor-icon\"><\/i><\/h4>\n<div class=\"wgl-accordion_content\">\n<p class=\"translation-block\"><ul>\n  <li><strong>\u0160irokoustna odprtina <\/strong>omogo\u010da enostavno polnjenje, dodajanje ledu in \u010di\u0161\u010denje.<\/li>\n  <li><strong>Tehnologija pra\u0161nega  barvanja<\/strong> za dober oprijem brez potenja in ve\u010djo  odporost proti praskam in udarcem.<\/li>\n  <li><a name=\"_Hlk132894096\"><strong>Graviran logotip<\/strong><\/a>, ki  nikoli ne zbledi, se ne zbri\u0161e, s tem termovka za vedno ohrani prvoten izgled.<\/li>\n<\/ul>\n<ul>\n  <li><strong>100% neprepustnost<\/strong> fla\u0161ke Goater Infuser z mo\u017enostjo izbire TREH  razli\u010dnih pokrov\u010dkov. <\/li>\n  <li><strong>100% BPA-free<\/strong>.<\/li>\n  <li><strong>Hladno ostane hladno, toplo ostane toplo. GoatShield<\/strong> dvojna stena z vakuumsko  izolacijo in dodatno prevleko iz bakra poskrbi, da tvoja pija\u010da ostane topla  tudi do 12 ur ali hladna tudi do 24 ur, hkrati pa zagotavlja suhost zunanje  stene brez kondenza.<\/li>\n  <li><strong>Visokokakovostno nerjave\u010de jeklo<\/strong> za izredno odpornost in vzdr\u017eljivost fla\u0161ke ter cedilla,  brez prenosa okusov in pu\u0161\u010danja kovinskega okusa. Ohranja naravno aromo pija\u010de.<\/li>\n  <li><strong>Do\u017eivljenjska garancija<\/strong> za 100% zadovoljstvo. <a name=\"_Hlk132734643\">Tvoj  Goater Infuser pride na dom z do\u017eivljenjsko garancijo na tovarni\u0161ke napake. <\/a><\/li>\n<\/ul>\n<p>&nbsp;<\/p><\/p>\n<p class=\"translation-block\"><p>Nekaj nasvetov, da tvoja  nova termovka ostane v tip top kondiciji:<br>\n  <a name=\"_Hlk132732993\">Goater  Infuser fla\u0161ka ni primerna za gazirane pija\u010de in agresivne teko\u010dine, prav tako  ne za fermentirane, vnetljive pija\u010de in jedke teko\u010dine.<\/a><br>\n  Ne  polnimo z vrelo vodo. Za tople napitke se priporo\u010da temperatura med 70-80  stopinjami. Prav tako se ne priporo\u010da uporaba slamice pri toplih pija\u010dah. V tem  primeru odstranite slamico iz pokrov\u010dka, pokrov\u010dek bo \u0161e vedno 100% tesnil.<br>\n  Samo  ro\u010dno pranje z ne\u017eno gobico, brez drgnjenja z ostrimi predmeti.<br>\nFla\u0161ke  ne postavljamo v hladilnik, mikrovalovno pe\u010dico, na odprt ogenj ali kak\u0161en drug  zunanji vir toplote.<\/p><\/p>\n<\/div>\n<\/div>\n<\/div>\n<\/div>\n<\/div>","protected":false},"featured_media":5894,"template":"","meta":[],"product_brand":[],"product_cat":[42,78],"product_tag":[],"class_list":{"0":"post-4770","1":"product","2":"type-product","3":"status-publish","4":"has-post-thumbnail","6":"product_cat-insulated-bottles","7":"product_cat-widemout","9":"first","10":"instock","11":"purchasable","12":"product-type-simple"},"jetpack_sharing_enabled":true,"_links":{"self":[{"href":"https:\/\/mountaingoat-shop.com\/sl\/wp-json\/wp\/v2\/product\/4770","targetHints":{"allow":["GET"]}}],"collection":[{"href":"https:\/\/mountaingoat-shop.com\/sl\/wp-json\/wp\/v2\/product"}],"about":[{"href":"https:\/\/mountaingoat-shop.com\/sl\/wp-json\/wp\/v2\/types\/product"}],"wp:featuredmedia":[{"embeddable":true,"href":"https:\/\/mountaingoat-shop.com\/sl\/wp-json\/wp\/v2\/media\/5894"}],"wp:attachment":[{"href":"https:\/\/mountaingoat-shop.com\/sl\/wp-json\/wp\/v2\/media?parent=4770"}],"wp:term":[{"taxonomy":"product_brand","embeddable":true,"href":"https:\/\/mountaingoat-shop.com\/sl\/wp-json\/wp\/v2\/product_brand?post=4770"},{"taxonomy":"product_cat","embeddable":true,"href":"https:\/\/mountaingoat-shop.com\/sl\/wp-json\/wp\/v2\/product_cat?post=4770"},{"taxonomy":"product_tag","embeddable":true,"href":"https:\/\/mountaingoat-shop.com\/sl\/wp-json\/wp\/v2\/product_tag?post=4770"}],"curies":[{"name":"wp","href":"https:\/\/api.w.org\/{rel}","templated":true}]}}