{"id":6276,"date":"2025-02-26T13:56:56","date_gmt":"2025-02-26T12:56:56","guid":{"rendered":"https:\/\/mountaingoat-shop.com\/?post_type=product&#038;p=6276"},"modified":"2025-05-12T18:04:01","modified_gmt":"2025-05-12T16:04:01","slug":"goaterse","status":"publish","type":"product","link":"https:\/\/mountaingoat-shop.com\/sl\/produkt\/goaterse\/","title":{"rendered":"Goater<sup style=\"font-size: 70%;\">SE<\/sup>"},"content":{"rendered":"","protected":false},"excerpt":{"rendered":"<p class=\"translation-block\">Idealen sopotnik za tvojo naslednjo pustolov\u0161\u010dino!\nGoater SE fla\u0161ka, prostornine 1l, je kot nala\u0161\u010d, da ostane\u0161 hidriran na vsakem koraku. GoatShield dvojna stena z vakuumsko izolacijo in dodatno prevleko iz bakra bo za\u0161\u010ditila tvoje roke pred vro\u010do ali mrzlo vsebino, hkrati bosta tvoj \u010daj ali kava ostala primerno topla tudi do 12 ur in mrzla pija\u010da hladna tudi do 24 ur.\nTermovka ima pokrov\u010dek s slamico, ki je 100% brez BPA in drugih toksinov ter priro\u010dno dr\u017ealo.\n\nU\u017eivaj tvoj najljub\u0161i \u010daj, kavo ali sadno vodo na svojem naslednjem izletu v gore, kampiranju ali v slu\u017ebi<\/p>\n<div class=\"elementor-element elementor-element-718aafd elementor-view-default elementor-widget elementor-widget-wgl-toggle-accordion\" data-id=\"718aafd\" data-element_type=\"widget\" data-widget_type=\"wgl-toggle-accordion.default\">\n<div class=\"elementor-widget-container\">\n<div id=\"wgl-accordion-718aafd\" class=\"wgl-accordion icon-plus\" data-type=\"toggle\">\n<div class=\"wgl-accordion_panel\">\n<h4 id=\"wgl-accordion_header-1191\" class=\"wgl-accordion_header\" data-default=\"\"><span class=\"wgl-accordion_title\"> Prednosti<\/span><i class=\"wgl-accordion_icon elementor-icon\"><\/i><\/h4>\n<div class=\"wgl-accordion_content\">\n<p>\u2022 <strong><a name=\"_Hlk132732993\"><\/a>Tehnologija pra\u0161nega barvanja za dober oprijem brez potenja in ve\u010djo odporost proti praskam in udarcem.<\/strong>. Easy to grip, durable and sweat free.<br \/>\n\u2022 <strong><a name=\"_Hlk132732993\"><\/a>100% neprepustnost<\/strong><br \/>\n\u2022 <strong><a name=\"_Hlk132732993\"><\/a>100% BPA-free<\/strong> to keep you healthy.<br \/>\n\u2022  <a name=\"_Hlk132732993\"><\/a>Engraved logo that lasts and never fade<br \/>\n\u2022  <a name=\"_Hlk132732993\"><\/a>Cold stays cold, hot stays hot. GoatShield<\/strong> double-wall vacuum insulation makes bottles SWEAT-free and keeps your drink COLD up to <a name=\"_Hlk132732993\"><\/a><strong> 24 hours<\/strong> and HOT up to <a name=\"_Hlk132732993\"><\/a><strong>12 hours<\/strong>.<br \/>\n\u2022 <a name=\"_Hlk132732993\"><\/a>Premium quality<\/strong>. Bottle is made with pro-grade stainless steel for durability, no flavor transfer, no metallic aftertaste, puncture and rust-resistant.<br \/>\n\u2022  <a name=\"_Hlk132732993\"><\/a>Do\u017eivljenjska garancija za 100% zadovoljstvo. Tvoj Goater pride na dom z do\u017eivljenjsko garancijo na tovarni\u0161ke napake.<\/strong> Awesome. Guaranteed. Your Sportler Bottle comes with a <a name=\"_Hlk132732993\"><\/a><strong>lifetime warranty against manufacturing defects.<\/strong><\/p>\n<p class=\"translation-block\">Goater termovka ni primerna za gazirane pija\u010de in agresivne teko\u010dine, prav tako ne za fermentirane, vnetljive pija\u010de in jedke teko\u010dine. Ne polnimo z vrelo vodo. Za tople napitke se priporo\u010da temperatura med 70-80 stopinjami. Prav tako se ne priporo\u010da uporaba slamice pri toplih pija\u010dah. V tem primeru odstranite slamico iz pokrov\u010dka, pokrov\u010dek bo \u0161e vedno 100% tesnil. Samo ro\u010dno pranje z ne\u017eno gobico, brez drgnjenja z ostrimi predmeti. Fla\u0161ke ne postavljamo v hladilnik, mikrovalovno pe\u010dico, na odprt ogenj ali kak\u0161en drug zunanji vir toplote.<\/p>\n<\/div>\n<\/div>\n<\/div>\n<\/div>\n<\/div>","protected":false},"featured_media":6344,"template":"","meta":[],"product_brand":[],"product_cat":[42,78],"product_tag":[],"class_list":{"0":"post-6276","1":"product","2":"type-product","3":"status-publish","4":"has-post-thumbnail","6":"product_cat-insulated-bottles","7":"product_cat-widemout","9":"first","10":"instock","11":"purchasable","12":"product-type-simple"},"jetpack_sharing_enabled":true,"_links":{"self":[{"href":"https:\/\/mountaingoat-shop.com\/sl\/wp-json\/wp\/v2\/product\/6276","targetHints":{"allow":["GET"]}}],"collection":[{"href":"https:\/\/mountaingoat-shop.com\/sl\/wp-json\/wp\/v2\/product"}],"about":[{"href":"https:\/\/mountaingoat-shop.com\/sl\/wp-json\/wp\/v2\/types\/product"}],"wp:featuredmedia":[{"embeddable":true,"href":"https:\/\/mountaingoat-shop.com\/sl\/wp-json\/wp\/v2\/media\/6344"}],"wp:attachment":[{"href":"https:\/\/mountaingoat-shop.com\/sl\/wp-json\/wp\/v2\/media?parent=6276"}],"wp:term":[{"taxonomy":"product_brand","embeddable":true,"href":"https:\/\/mountaingoat-shop.com\/sl\/wp-json\/wp\/v2\/product_brand?post=6276"},{"taxonomy":"product_cat","embeddable":true,"href":"https:\/\/mountaingoat-shop.com\/sl\/wp-json\/wp\/v2\/product_cat?post=6276"},{"taxonomy":"product_tag","embeddable":true,"href":"https:\/\/mountaingoat-shop.com\/sl\/wp-json\/wp\/v2\/product_tag?post=6276"}],"curies":[{"name":"wp","href":"https:\/\/api.w.org\/{rel}","templated":true}]}}